{"id":32,"date":"2023-03-05T10:42:28","date_gmt":"2023-03-05T10:42:28","guid":{"rendered":"https:\/\/energyrcjetengine.com\/?page_id=32"},"modified":"2025-11-18T07:07:02","modified_gmt":"2025-11-18T07:07:02","slug":"contact","status":"publish","type":"page","link":"https:\/\/energyrcjetengine.com\/es\/pongase-en-contacto-con\/","title":{"rendered":"P\u00f3ngase en contacto con\u00a0"},"content":{"rendered":"<div class=\"banner has-hover\" id=\"banner-1179299341\">\n          <div class=\"banner-inner fill\">\n        <div class=\"banner-bg fill\" >\n            <div class=\"bg fill bg-fill\"><\/div>\n                        <div class=\"overlay\"><\/div>            \n                    <\/div>\n\t\t\n        <div class=\"banner-layers container\">\n            <div class=\"fill banner-link\"><\/div>            \n   <div id=\"text-box-1628278999\" class=\"text-box banner-layer x0 md-x0 lg-x0 y85 md-y85 lg-y85 res-text\">\n                                <div class=\"text-box-content text dark\">\n              \n              <div class=\"text-inner text-center\">\n                  \n<h2 class=\"uppercase\" style=\"text-align: left;\"><span style=\"color: #000000;\"><strong data-start=\"127\" data-end=\"202\">Contacto Energ\u00eda RCJetEngine<\/strong><\/span><\/h2>\n<p style=\"text-align: left;\" data-start=\"235\" data-end=\"478\"><strong><span style=\"font-size: 120%; color: #000000;\">P\u00f3ngase en contacto con Energy RCJetEngine para soluciones de motores de turbina OEM, consultas t\u00e9cnicas, precios al por mayor y atenci\u00f3n al cliente global. Nuestro equipo est\u00e1 preparado para ayudarle con motores a reacci\u00f3n RC, sistemas de turbina UAV y desarrollo de motores personalizados.<\/span><\/strong><\/p>\n              <\/div>\n           <\/div>\n                            \n<style>\n#text-box-1628278999 {\n  width: 59%;\n}\n#text-box-1628278999 .text-box-content {\n  font-size: 100%;\n}\n<\/style>\n    <\/div>\n \n        <\/div>\n      <\/div>\n\n            \n<style>\n#banner-1179299341 {\n  padding-top: 600px;\n}\n#banner-1179299341 .bg.bg-loaded {\n  background-image: url(https:\/\/energyrcjetengine.com\/wp-content\/uploads\/2025\/11\/40\u2013150kg-RC-Turbine-Jet-Engines-\u2013-Custom-Wholesale-Manufacturer-Energy-RcJetEngine.webp);\n}\n#banner-1179299341 .overlay {\n  background-color: rgba(255, 255, 255, 0.198);\n}\n<\/style>\n  <\/div>\n\n\n\t<section class=\"section\" id=\"section_392570875\">\n\t\t<div class=\"bg section-bg fill bg-fill  bg-loaded\" >\n\n\t\t\t\n\t\t\t\n\t\t\t\n\n\t\t<\/div>\n\n\t\t\n\n\t\t<div class=\"section-content relative\">\n\t\t\t\n<div class=\"row align-equal\"  id=\"row-1285110410\">\n\n\t<div id=\"col-783242246\" class=\"col small-12 large-12\"  >\n\t\t\t\t<div class=\"col-inner\"  >\n\t\t\t\n\t\t\t\n<div class=\"container section-title-container\" ><h2 class=\"section-title section-title-center\"><b><\/b><span class=\"section-title-main\" style=\"color:#1e73be;\">P\u00f3ngase en contacto<\/span><b><\/b><\/h2><\/div>\n<div class=\"text-center\"><div class=\"is-divider divider clearfix\" style=\"background-color:#1e73be;\"><\/div><\/div>\n\t\t<\/div>\n\t\t\t\t\t<\/div>\n\n\t\n<\/div>\n<div class=\"row row-small align-equal\"  id=\"row-878045366\">\n\n\t<div id=\"col-1574890676\" class=\"col medium-4 small-12 large-4\"  >\n\t\t\t\t<div class=\"col-inner\"  >\n\t\t\t\n\t\t\t\n\t<div id=\"gap-639742415\" class=\"gap-element clearfix\" style=\"display:block; height:auto;\">\n\t\t\n<style>\n#gap-639742415 {\n  padding-top: 30px;\n}\n<\/style>\n\t<\/div>\n\t\n\n\t\t<div class=\"icon-box featured-box icon-box-center text-center\"  >\n\t\t\t\t\t<div class=\"icon-box-img\" style=\"width: 57px\">\n\t\t\t\t<div class=\"icon\">\n\t\t\t\t\t<div class=\"icon-inner\" >\n\t\t\t\t\t\t<img loading=\"lazy\" decoding=\"async\" width=\"300\" height=\"300\" src=\"https:\/\/energyrcjetengine.com\/wp-content\/uploads\/2023\/04\/contact-us-2.webp\" class=\"attachment-medium size-medium\" alt=\"\" srcset=\"https:\/\/energyrcjetengine.com\/wp-content\/uploads\/2023\/04\/contact-us-2.webp 300w, https:\/\/energyrcjetengine.com\/wp-content\/uploads\/2023\/04\/contact-us-2-150x150.webp 150w, https:\/\/energyrcjetengine.com\/wp-content\/uploads\/2023\/04\/contact-us-2-100x100.webp 100w\" sizes=\"auto, (max-width: 300px) 100vw, 300px\" \/>\t\t\t\t\t<\/div>\n\t\t\t\t<\/div>\n\t\t\t<\/div>\n\t\t\t\t<div class=\"icon-box-text last-reset\">\n\t\t\t\t\t\t\t\t\t\n<p><strong>Direcci\u00f3n<\/strong><br \/>\nNo. 75, Cuijiadian Road, distrito de Chenghua, ciudad de Chengdu, provincia de Sichuan, China<\/p>\n\t\t<\/div>\n\t<\/div>\n\t\n\t\n\t<div id=\"gap-171239339\" class=\"gap-element clearfix\" style=\"display:block; height:auto;\">\n\t\t\n<style>\n#gap-171239339 {\n  padding-top: 30px;\n}\n<\/style>\n\t<\/div>\n\t\n\t\t<\/div>\n\t\t\t\t\t<\/div>\n\n\t\n\n\t<div id=\"col-1067884656\" class=\"col medium-4 small-12 large-4\"  >\n\t\t\t\t<div class=\"col-inner\"  >\n\t\t\t\n\t\t\t\n\t<div id=\"gap-483158218\" class=\"gap-element clearfix\" style=\"display:block; height:auto;\">\n\t\t\n<style>\n#gap-483158218 {\n  padding-top: 30px;\n}\n<\/style>\n\t<\/div>\n\t\n\n\t\t<div class=\"icon-box featured-box icon-box-center text-center\"  >\n\t\t\t\t\t<div class=\"icon-box-img\" style=\"width: 57px\">\n\t\t\t\t<div class=\"icon\">\n\t\t\t\t\t<div class=\"icon-inner\" >\n\t\t\t\t\t\t<img loading=\"lazy\" decoding=\"async\" width=\"300\" height=\"300\" src=\"https:\/\/energyrcjetengine.com\/wp-content\/uploads\/2023\/04\/contact-us-3.webp\" class=\"attachment-medium size-medium\" alt=\"\" srcset=\"https:\/\/energyrcjetengine.com\/wp-content\/uploads\/2023\/04\/contact-us-3.webp 300w, https:\/\/energyrcjetengine.com\/wp-content\/uploads\/2023\/04\/contact-us-3-150x150.webp 150w, https:\/\/energyrcjetengine.com\/wp-content\/uploads\/2023\/04\/contact-us-3-100x100.webp 100w\" sizes=\"auto, (max-width: 300px) 100vw, 300px\" \/>\t\t\t\t\t<\/div>\n\t\t\t\t<\/div>\n\t\t\t<\/div>\n\t\t\t\t<div class=\"icon-box-text last-reset\">\n\t\t\t\t\t\t\t\t\t\n<p><strong>Ll\u00e1menos<\/strong><br \/>\nWhatsapp: +86 15828284573<\/p>\n\t\t<\/div>\n\t<\/div>\n\t\n\t\n\t<div id=\"gap-1472498620\" class=\"gap-element clearfix\" style=\"display:block; height:auto;\">\n\t\t\n<style>\n#gap-1472498620 {\n  padding-top: 30px;\n}\n<\/style>\n\t<\/div>\n\t\n\t\t<\/div>\n\t\t\t\t\t<\/div>\n\n\t\n\n\t<div id=\"col-1286387363\" class=\"col medium-4 small-12 large-4\"  >\n\t\t\t\t<div class=\"col-inner\"  >\n\t\t\t\n\t\t\t\n\t<div id=\"gap-947144259\" class=\"gap-element clearfix\" style=\"display:block; height:auto;\">\n\t\t\n<style>\n#gap-947144259 {\n  padding-top: 30px;\n}\n<\/style>\n\t<\/div>\n\t\n\n\t\t<div class=\"icon-box featured-box icon-box-center text-center\"  >\n\t\t\t\t\t<div class=\"icon-box-img\" style=\"width: 57px\">\n\t\t\t\t<div class=\"icon\">\n\t\t\t\t\t<div class=\"icon-inner\" >\n\t\t\t\t\t\t<img loading=\"lazy\" decoding=\"async\" width=\"300\" height=\"300\" src=\"https:\/\/energyrcjetengine.com\/wp-content\/uploads\/2023\/04\/contact-us-1.webp\" class=\"attachment-medium size-medium\" alt=\"\" srcset=\"https:\/\/energyrcjetengine.com\/wp-content\/uploads\/2023\/04\/contact-us-1.webp 300w, https:\/\/energyrcjetengine.com\/wp-content\/uploads\/2023\/04\/contact-us-1-150x150.webp 150w, https:\/\/energyrcjetengine.com\/wp-content\/uploads\/2023\/04\/contact-us-1-100x100.webp 100w\" sizes=\"auto, (max-width: 300px) 100vw, 300px\" \/>\t\t\t\t\t<\/div>\n\t\t\t\t<\/div>\n\t\t\t<\/div>\n\t\t\t\t<div class=\"icon-box-text last-reset\">\n\t\t\t\t\t\t\t\t\t\n<p><strong>Env\u00edenos un correo electr\u00f3nico<\/strong><br \/>\nCorreo electr\u00f3nico: service@energysplendor.com<\/p>\n\t\t<\/div>\n\t<\/div>\n\t\n\t\n\t<div id=\"gap-117341976\" class=\"gap-element clearfix\" style=\"display:block; height:auto;\">\n\t\t\n<style>\n#gap-117341976 {\n  padding-top: 30px;\n}\n<\/style>\n\t<\/div>\n\t\n\t\t<\/div>\n\t\t\t\t\t<\/div>\n\n\t\n<\/div>\n<div class=\"row\"  id=\"row-2129615197\">\n\n\t<div id=\"col-1851114586\" class=\"col small-12 large-12\"  >\n\t\t\t\t<div class=\"col-inner\"  >\n\t\t\t\n\t\t\t\n\t\t<\/div>\n\t\t\t\t\t<\/div>\n\n\t\n<\/div>\n\t\t<\/div>\n\n\t\t\n<style>\n#section_392570875 {\n  padding-top: 30px;\n  padding-bottom: 30px;\n}\n<\/style>\n\t<\/section>\n\t\n\t<section class=\"section\" id=\"section_1644918693\">\n\t\t<div class=\"bg section-bg fill bg-fill  bg-loaded\" >\n\n\t\t\t\n\t\t\t<div class=\"section-bg-overlay absolute fill\"><\/div>\n\t\t\t\n\n\t\t<\/div>\n\n\t\t\n\n\t\t<div class=\"section-content relative\">\n\t\t\t\n<div class=\"row\"  id=\"row-1650144797\">\n\n\t<div id=\"col-1250328124\" class=\"col small-12 large-12\"  >\n\t\t\t\t<div class=\"col-inner\"  >\n\t\t\t\n\t\t\t\n<div class=\"container section-title-container\" ><h2 class=\"section-title section-title-center\"><b><\/b><span class=\"section-title-main\" style=\"color:#1e73be;\">Contactar con el equipo de energ\u00eda<\/span><b><\/b><\/h2><\/div>\n\n<div class=\"wpcf7 no-js\" id=\"wpcf7-f280-o1\" lang=\"en-US\" dir=\"ltr\" data-wpcf7-id=\"280\">\n<div class=\"screen-reader-response\"><p role=\"status\" aria-live=\"polite\" aria-atomic=\"true\"><\/p> <ul><\/ul><\/div>\n<form action=\"\/es\/wp-json\/wp\/v2\/pages\/32#wpcf7-f280-o1\" method=\"post\" class=\"wpcf7-form init\" aria-label=\"Contact form\" novalidate=\"novalidate\" data-status=\"init\" data-trp-original-action=\"\/es\/wp-json\/wp\/v2\/pages\/32#wpcf7-f280-o1\">\n<div style=\"display: none;\">\n<input type=\"hidden\" name=\"_wpcf7\" value=\"280\" \/>\n<input type=\"hidden\" name=\"_wpcf7_version\" value=\"6.0.2\" \/>\n<input type=\"hidden\" name=\"_wpcf7_locale\" value=\"en_US\" \/>\n<input type=\"hidden\" name=\"_wpcf7_unit_tag\" value=\"wpcf7-f280-o1\" \/>\n<input type=\"hidden\" name=\"_wpcf7_container_post\" value=\"0\" \/>\n<input type=\"hidden\" name=\"_wpcf7_posted_data_hash\" value=\"\" \/>\n<\/div>\n<div class='custom_contact_style'>\n\t<div class=\"row row-small\">\n\t\t<div class=\"col medium-6 small-12 large-6\">\n\t\t\t<div class=\"col-inner\">\n\t\t\t\t<p><span class=\"wpcf7-form-control-wrap\" data-name=\"your-name\"><input size=\"40\" maxlength=\"400\" class=\"wpcf7-form-control wpcf7-text wpcf7-validates-as-required\" aria-required=\"true\" aria-invalid=\"false\" placeholder=\"Nombre\" value=\"\" type=\"text\" name=\"your-name\" \/><\/span>\n\t\t\t\t<\/p>\n\t\t\t<\/div>\n\t\t<\/div>\n\t\t<div class=\"col medium-6 small-12 large-6\">\n\t\t\t<div class=\"col-inner\">\n\t\t\t\t<p><span class=\"wpcf7-form-control-wrap\" data-name=\"your-email\"><input size=\"40\" maxlength=\"400\" class=\"wpcf7-form-control wpcf7-email wpcf7-validates-as-required wpcf7-text wpcf7-validates-as-email\" aria-required=\"true\" aria-invalid=\"false\" placeholder=\"Correo electr\u00f3nico\" value=\"\" type=\"email\" name=\"your-email\" \/><\/span>\n\t\t\t\t<\/p>\n\t\t\t<\/div>\n\t\t<\/div>\n\t<\/div>\n\t<div class='cus_contact_form_bottom'>\n\t\t<p><span class=\"wpcf7-form-control-wrap\" data-name=\"your-phone\"><input size=\"40\" maxlength=\"400\" class=\"wpcf7-form-control wpcf7-text\" aria-invalid=\"false\" placeholder=\"Tel\u00e9fono\" value=\"\" type=\"text\" name=\"your-phone\" \/><\/span>\n\t\t<\/p>\n\t<\/div>\n\t<div class='cus_contact_form_bottom'>\n\t\t<p><span class=\"wpcf7-form-control-wrap\" data-name=\"your-country\"><input size=\"40\" maxlength=\"400\" class=\"wpcf7-form-control wpcf7-text\" aria-invalid=\"false\" placeholder=\"Pa\u00eds\" value=\"\" type=\"text\" name=\"your-country\" \/><\/span>\n\t\t<\/p>\n\t<\/div>\n\t<p><span class=\"wpcf7-form-control-wrap\" data-name=\"your-message\"><textarea cols=\"40\" rows=\"10\" maxlength=\"2000\" class=\"wpcf7-form-control wpcf7-textarea wpcf7-validates-as-required\" aria-required=\"true\" aria-invalid=\"false\" placeholder=\"Tu mensaje *\" name=\"your-message\"><\/textarea><\/span>\n\t<\/p>\n\t<div style=\"margin-bottom:10px;\">\n\t\t<p><span class=\"wpcf7-form-control-wrap kc_captcha cf7ic-toggle\" data-name=\"kc_captcha\"><span class=\"wpcf7-form-control wpcf7-radio\"><span class=\"captcha-image\" style=\"display: none;\"><span class=\"cf7ic_instructions\">Please prove you are human by selecting the<span> plane<\/span>.<\/span><label><input aria-label=\"1\" type=\"radio\" name=\"kc_captcha\" value=\"bot\" \/><svg aria-hidden=\"true\" role=\"img\" xmlns=\"http:\/\/www.w3.org\/2000\/svg\" viewbox=\"0 0 576 512\"><path fill=\"currentColor\" d=\"M259 18l-65 132-146 22c-26 3-37 36-18 54l106 103-25 146c-5 26 23 46 46 33l131-68 131 68c23 13 51-7 46-33l-25-146 106-103c19-18 8-51-18-54l-146-22-65-132a32 32 0 00-58 0z\"\/><\/svg><\/label><label><input aria-label=\"2\" type=\"radio\" name=\"kc_captcha\" value=\"bot\" \/><svg aria-hidden=\"true\" role=\"img\" xmlns=\"http:\/\/www.w3.org\/2000\/svg\" viewbox=\"0 0 512 512\"><path fill=\"currentColor\" d=\"M350 99c-54 0-98-35-166-35-25 0-47 4-68 12a56 56 0 004-24C118 24 95 1 66 0a56 56 0 00-34 102v386c0 13 11 24 24 24h16c13 0 24-11 24-24v-94c28-12 64-23 114-23 54 0 98 35 166 35 48 0 86-16 122-41 9-6 14-15 14-26V96c0-23-24-39-45-29-35 16-77 32-117 32z\"\/><\/svg><\/label><label><input aria-label=\"3\" type=\"radio\" name=\"kc_captcha\" value=\"kc_human\" \/><svg aria-hidden=\"true\" role=\"img\" xmlns=\"http:\/\/www.w3.org\/2000\/svg\" viewbox=\"0 0 576 512\"><path fill=\"currentColor\" d=\"M472 200H360L256 6a12 12 0 00-10-6h-58c-8 0-14 7-12 15l34 185H100l-35-58a12 12 0 00-10-6H12c-8 0-13 7-12 14l21 106L0 362c-1 7 4 14 12 14h43c4 0 8-2 10-6l35-58h110l-34 185c-2 8 4 15 12 15h58a12 12 0 0010-6l104-194h112c57 0 104-25 104-56s-47-56-104-56z\"\/><\/svg><\/label>\r\n    <\/span>\r\n    <span style=\"display:none\">\r\n        <input type=\"text\" name=\"kc_honeypot\">\r\n    <\/span><\/span><\/span>\n\t\t<\/p>\n\t<\/div>\n\t<p><input class=\"wpcf7-form-control wpcf7-submit has-spinner\" type=\"submit\" value=\"Enviar mensaje\" \/>\n\t<\/p>\n<\/div><div class=\"wpcf7-response-output\" aria-hidden=\"true\"><\/div>\n<input type=\"hidden\" name=\"trp-form-language\" value=\"es\"\/><\/form>\n<\/div>\n\n\t\t<\/div>\n\t\t\t\t\t<\/div>\n\n\t\n<\/div>\n\t\t<\/div>\n\n\t\t\n<style>\n#section_1644918693 {\n  padding-top: 30px;\n  padding-bottom: 30px;\n}\n#section_1644918693 .section-bg-overlay {\n  background-color: rgb(242, 242, 242);\n}\n<\/style>\n\t<\/section>\n\t\n\t<section class=\"section\" id=\"section_1929196031\">\n\t\t<div class=\"bg section-bg fill bg-fill  bg-loaded\" >\n\n\t\t\t\n\t\t\t\n\t\t\t\n\n\t\t<\/div>\n\n\t\t\n\n\t\t<div class=\"section-content relative\">\n\t\t\t\n<div class=\"row row-full-width align-center\"  id=\"row-746453810\">\n\n\t<div id=\"col-1123434496\" class=\"col small-12 large-12\"  >\n\t\t\t\t<div class=\"col-inner text-center\"  >\n\t\t\t\n\t\t\t\n<div class=\"container section-title-container\" ><h2 class=\"section-title section-title-center\"><b><\/b><span class=\"section-title-main\" style=\"color:#0066a7;\">DIRECCI\u00d3N<\/span><b><\/b><\/h2><\/div>\n\t\t<div class=\"MyAddressWrap\">\n\t\t\t\t\n<p><iframe loading=\"lazy\" style=\"border: 0;\" src=\"https:\/\/www.google.com\/maps\/embed?pb=!1m18!1m12!1m3!1d3432.0774680442833!2d104.12745567654639!3d30.659946989144967!2m3!1f0!2f0!3f0!3m2!1i1024!2i768!4f13.1!3m3!1m2!1s0x36efcfdb9bab510d%3A0x36799817a274708a!2s75%20Cuijiadian%20Rd%2C%20Cheng%20Hua%20Qu%2C%20Cheng%20Du%20Shi%2C%20Si%20Chuan%20Sheng%2C%20China%2C%20610058!5e0!3m2!1sen!2sjp!4v1758081091061!5m2!1sen!2sjp\" width=\"100%\" height=\"500\" allowfullscreen=\"allowfullscreen\"><\/iframe><br \/>\n\t\t<\/div>\n\t\n\t\t<\/div>\n\t\t\t\t\t<\/div>\n\n\t\n<\/div>\n\t\t<\/div>\n\n\t\t\n<style>\n#section_1929196031 {\n  padding-top: 30px;\n  padding-bottom: 30px;\n}\n<\/style>\n\t<\/section>","protected":false},"excerpt":{"rendered":"","protected":false},"author":3,"featured_media":0,"parent":0,"menu_order":0,"comment_status":"closed","ping_status":"closed","template":"page-transparent-header.php","meta":{"footnotes":""},"class_list":["post-32","page","type-page","status-publish","hentry"],"yoast_head":"<!-- This site is optimized with the Yoast SEO plugin v26.4 - https:\/\/yoast.com\/wordpress\/plugins\/seo\/ -->\n<title>Contact\u00a0 - RC Jet Engine, Turbo Jet Engine &amp; Turbine Jet Engine (5.5\u2013150 kg Thrust) | Supplier, Wholesale &amp; Customization | Energy-RCJetEngine<\/title>\n<meta name=\"robots\" content=\"index, follow, max-snippet:-1, max-image-preview:large, max-video-preview:-1\" \/>\n<link rel=\"canonical\" href=\"https:\/\/energyrcjetengine.com\/es\/pongase-en-contacto-con\/\" \/>\n<meta property=\"og:locale\" content=\"es_ES\" \/>\n<meta property=\"og:type\" content=\"article\" \/>\n<meta property=\"og:title\" content=\"Contact\u00a0 - RC Jet Engine, Turbo Jet Engine &amp; Turbine Jet Engine (5.5\u2013150 kg Thrust) | Supplier, Wholesale &amp; Customization | Energy-RCJetEngine\" \/>\n<meta property=\"og:url\" content=\"https:\/\/energyrcjetengine.com\/es\/pongase-en-contacto-con\/\" \/>\n<meta property=\"og:site_name\" content=\"RC Jet Engine, Turbo Jet Engine &amp; Turbine Jet Engine (5.5\u2013150 kg Thrust) | Supplier, Wholesale &amp; Customization | Energy-RCJetEngine\" \/>\n<meta property=\"article:modified_time\" content=\"2025-11-18T07:07:02+00:00\" \/>\n<meta name=\"twitter:card\" content=\"summary_large_image\" \/>\n<meta name=\"twitter:label1\" content=\"Tiempo de lectura\" \/>\n\t<meta name=\"twitter:data1\" content=\"1 minuto\" \/>\n<script type=\"application\/ld+json\" class=\"yoast-schema-graph\">{\"@context\":\"https:\/\/schema.org\",\"@graph\":[{\"@type\":\"WebPage\",\"@id\":\"https:\/\/energyrcjetengine.com\/contact\/\",\"url\":\"https:\/\/energyrcjetengine.com\/contact\/\",\"name\":\"Contact\u00a0 - RC Jet Engine, Turbo Jet Engine &amp; Turbine Jet Engine (5.5\u2013150 kg Thrust) | Supplier, Wholesale &amp; Customization | Energy-RCJetEngine\",\"isPartOf\":{\"@id\":\"https:\/\/energyrcjetengine.com\/#website\"},\"datePublished\":\"2023-03-05T10:42:28+00:00\",\"dateModified\":\"2025-11-18T07:07:02+00:00\",\"breadcrumb\":{\"@id\":\"https:\/\/energyrcjetengine.com\/contact\/#breadcrumb\"},\"inLanguage\":\"es\",\"potentialAction\":[{\"@type\":\"ReadAction\",\"target\":[\"https:\/\/energyrcjetengine.com\/contact\/\"]}]},{\"@type\":\"BreadcrumbList\",\"@id\":\"https:\/\/energyrcjetengine.com\/contact\/#breadcrumb\",\"itemListElement\":[{\"@type\":\"ListItem\",\"position\":1,\"name\":\"Home\",\"item\":\"https:\/\/energyrcjetengine.com\/\"},{\"@type\":\"ListItem\",\"position\":2,\"name\":\"Contact\u00a0\"}]},{\"@type\":\"WebSite\",\"@id\":\"https:\/\/energyrcjetengine.com\/#website\",\"url\":\"https:\/\/energyrcjetengine.com\/\",\"name\":\"Energy RcJetEngine \u2013 RC, Turbo & Turbine Jet Engines (5.5\u2013150 kg Thrust) | Supplier & Customization\",\"description\":\"Energy-RCJetEngine, based in Chengdu, China, supplies civil RC Jet Engines, Turbo Jet Engines, and Turbine Jet Engines with thrust from 5.5 kg to 150 kg. Perfect for UAVs, RC aircraft, and experimental aviation projects, our engines are available through global wholesale, supplier services, and full customization options. Reliable performance, fast delivery, and professional support make Energy-RCJetEngine a trusted choice for civil aviation enthusiasts and commercial projects in Europe and North America.\",\"potentialAction\":[{\"@type\":\"SearchAction\",\"target\":{\"@type\":\"EntryPoint\",\"urlTemplate\":\"https:\/\/energyrcjetengine.com\/?s={search_term_string}\"},\"query-input\":{\"@type\":\"PropertyValueSpecification\",\"valueRequired\":true,\"valueName\":\"search_term_string\"}}],\"inLanguage\":\"es\"}]}<\/script>\n<!-- \/ Yoast SEO plugin. -->","yoast_head_json":{"title":"Contact\u00a0 - RC Jet Engine, Turbo Jet Engine &amp; Turbine Jet Engine (5.5\u2013150 kg Thrust) | Supplier, Wholesale &amp; Customization | Energy-RCJetEngine","robots":{"index":"index","follow":"follow","max-snippet":"max-snippet:-1","max-image-preview":"max-image-preview:large","max-video-preview":"max-video-preview:-1"},"canonical":"https:\/\/energyrcjetengine.com\/es\/pongase-en-contacto-con\/","og_locale":"es_ES","og_type":"article","og_title":"Contact\u00a0 - RC Jet Engine, Turbo Jet Engine &amp; Turbine Jet Engine (5.5\u2013150 kg Thrust) | Supplier, Wholesale &amp; Customization | Energy-RCJetEngine","og_url":"https:\/\/energyrcjetengine.com\/es\/pongase-en-contacto-con\/","og_site_name":"RC Jet Engine, Turbo Jet Engine &amp; Turbine Jet Engine (5.5\u2013150 kg Thrust) | Supplier, Wholesale &amp; Customization | Energy-RCJetEngine","article_modified_time":"2025-11-18T07:07:02+00:00","twitter_card":"summary_large_image","twitter_misc":{"Tiempo de lectura":"1 minuto"},"schema":{"@context":"https:\/\/schema.org","@graph":[{"@type":"WebPage","@id":"https:\/\/energyrcjetengine.com\/contact\/","url":"https:\/\/energyrcjetengine.com\/contact\/","name":"Contact\u00a0 - RC Jet Engine, Turbo Jet Engine &amp; Turbine Jet Engine (5.5\u2013150 kg Thrust) | Supplier, Wholesale &amp; Customization | Energy-RCJetEngine","isPartOf":{"@id":"https:\/\/energyrcjetengine.com\/#website"},"datePublished":"2023-03-05T10:42:28+00:00","dateModified":"2025-11-18T07:07:02+00:00","breadcrumb":{"@id":"https:\/\/energyrcjetengine.com\/contact\/#breadcrumb"},"inLanguage":"es","potentialAction":[{"@type":"ReadAction","target":["https:\/\/energyrcjetengine.com\/contact\/"]}]},{"@type":"BreadcrumbList","@id":"https:\/\/energyrcjetengine.com\/contact\/#breadcrumb","itemListElement":[{"@type":"ListItem","position":1,"name":"Home","item":"https:\/\/energyrcjetengine.com\/"},{"@type":"ListItem","position":2,"name":"Contact\u00a0"}]},{"@type":"WebSite","@id":"https:\/\/energyrcjetengine.com\/#website","url":"https:\/\/energyrcjetengine.com\/","name":"Energy RcJetEngine \u2013 RC, Turbo & Turbine Jet Engines (5.5\u2013150 kg Thrust) | Supplier & Customization","description":"Energy-RCJetEngine, based in Chengdu, China, supplies civil RC Jet Engines, Turbo Jet Engines, and Turbine Jet Engines with thrust from 5.5 kg to 150 kg. Perfect for UAVs, RC aircraft, and experimental aviation projects, our engines are available through global wholesale, supplier services, and full customization options. Reliable performance, fast delivery, and professional support make Energy-RCJetEngine a trusted choice for civil aviation enthusiasts and commercial projects in Europe and North America.","potentialAction":[{"@type":"SearchAction","target":{"@type":"EntryPoint","urlTemplate":"https:\/\/energyrcjetengine.com\/?s={search_term_string}"},"query-input":{"@type":"PropertyValueSpecification","valueRequired":true,"valueName":"search_term_string"}}],"inLanguage":"es"}]}},"_links":{"self":[{"href":"https:\/\/energyrcjetengine.com\/es\/wp-json\/wp\/v2\/pages\/32","targetHints":{"allow":["GET"]}}],"collection":[{"href":"https:\/\/energyrcjetengine.com\/es\/wp-json\/wp\/v2\/pages"}],"about":[{"href":"https:\/\/energyrcjetengine.com\/es\/wp-json\/wp\/v2\/types\/page"}],"author":[{"embeddable":true,"href":"https:\/\/energyrcjetengine.com\/es\/wp-json\/wp\/v2\/users\/3"}],"replies":[{"embeddable":true,"href":"https:\/\/energyrcjetengine.com\/es\/wp-json\/wp\/v2\/comments?post=32"}],"version-history":[{"count":11,"href":"https:\/\/energyrcjetengine.com\/es\/wp-json\/wp\/v2\/pages\/32\/revisions"}],"predecessor-version":[{"id":1898,"href":"https:\/\/energyrcjetengine.com\/es\/wp-json\/wp\/v2\/pages\/32\/revisions\/1898"}],"wp:attachment":[{"href":"https:\/\/energyrcjetengine.com\/es\/wp-json\/wp\/v2\/media?parent=32"}],"curies":[{"name":"wp","href":"https:\/\/api.w.org\/{rel}","templated":true}]}}